{"id":1127,"date":"2024-02-29T16:24:28","date_gmt":"2024-02-29T21:24:28","guid":{"rendered":"https:\/\/fiberlinks.com\/?page_id=1127"},"modified":"2024-08-05T15:04:57","modified_gmt":"2024-08-05T19:04:57","slug":"about","status":"publish","type":"page","link":"https:\/\/fiberlinks.com\/fr\/about\/","title":{"rendered":"\u00c0 PROPOS"},"content":{"rendered":"<header>\n    <a href=\"https:\/\/fiberlinks.com\/fr\/\"><img decoding=\"async\" src=\"https:\/\/i.ibb.co\/N1fnzDK\/fiberlinks-transparent.png\"\/><\/a>\n    <ul id=\"myNav\">\n        <li>\n            <a href=\"https:\/\/fiberlinks.com\/fr\/about\/\">\u00c0 PROPOS<\/a>\n        <\/li>\n        <li>\n            <a href=\"https:\/\/fiberlinks.com\/fr\/contact\/\">CONTACT<\/a>\n        <\/li>\n    <\/ul>\n<\/header> \n<h2>\n\t\tQUI SOMMES NOUS?\n\t<\/h2>\n\t<p>Avec plus de 30 ans d\u2019exp\u00e9rience combin\u00e9e \u00e0 divers niveaux de distribution et de canaux de vente au d\u00e9tail, nous poss\u00e9dons un aper\u00e7u aiguis\u00e9 des demandes en constante \u00e9volution du march\u00e9 mondial. Nous sommes fiers de notre d\u00e9vouement \u00e0 l\u2019innovation, de suivre les tendances actuelles, de fournir des produits de qualit\u00e9 sup\u00e9rieure et de d\u00e9passer les attentes des clients.<\/p>\n<p>As a strategic partner for everyday consumer products, we cater to discount, mass, pharmacy, grocery, and e-commerce retailers, alongside serving the healthcare sector. Our mission is to be the global leader in providing reliable expertise for our customers&#8217; success. This commitment enables us to provide an extensive array of solutions, adeptly meeting diverse needs across industries.<\/p>\n<h2>\n\t\tExplorez nos divisions vastes et vari\u00e9es\n\t<\/h2>\n\t<p>D\u00e9couvrir la riche tapisserie de sp\u00e9cialisations et d\u2019expertise au sein de notre organisation<\/p>\n\t\t\t\t<a href=\"https:\/\/symaksales.com\/Home\/\" target=\"_blank\" rel=\"noopener\" itemprop=\"url\">\n\t\t\t\t<img loading=\"lazy\" decoding=\"async\" src=\"https:\/\/fiberlinks.com\/wp-content\/uploads\/2024\/03\/shutterstock_2189403575-scaled.jpg\" alt=\"Happy,Parents,And,Their,Daughter,Shopping,School,Supplies,In,Supermarket.\" itemprop=\"image\" height=\"2560\" width=\"1707\" title=\"Happy,Parents,And,Their,Daughter,Shopping,School,Supplies,In,Supermarket.\" onerror=\"this.style.display='none'\"  \/>\n\t\t\t\t<\/a>\n\t\t\t\t<a href=\"https:\/\/symaksales.com\/Home\/\" target=\"_blank\" rel=\"noopener\" itemprop=\"url\">\n\t\t\t\t<img loading=\"lazy\" decoding=\"async\" src=\"https:\/\/fiberlinks.com\/wp-content\/uploads\/2024\/02\/Screenshot_2024-02-15_142835-removebg-preview.png\" alt=\"Screenshot_2024-02-15_142835-removebg-preview\" itemprop=\"image\" height=\"333\" width=\"750\" title=\"Screenshot_2024-02-15_142835-removebg-preview\" onerror=\"this.style.display='none'\"  \/>\n\t\t\t\t<\/a>\n<h4><a href=\"https:\/\/symaksales.com\/Home\/\" target=\"_blank\" rel=\"noopener\">Distributeur leader d'un produit de consommation courante ax\u00e9 sur la valeur partout en Am\u00e9rique du Nord.<\/a><\/h4><p>For over 65 years, Symak Sales Inc. has solidified its place as a top distributor of value-oriented everyday consumer products across North America. Symak&#8217;s products are widespread in Canadian retail outlets, including discount stores, dollar stores, variety stores, grocery stores, pharmacies, hardware outlets, and department stores. With a commitment to quality and accessibility, Symak has become a trusted name among consumers, offering reliable and affordable products that meet their everyday needs.<\/p>\n\t\t\t\t<a href=\"https:\/\/greenearthbag.ca\/\" target=\"_blank\" rel=\"noopener\" itemprop=\"url\">\n\t\t\t\t<img loading=\"lazy\" decoding=\"async\" src=\"https:\/\/fiberlinks.com\/wp-content\/uploads\/2024\/02\/GEB-LOGO.png\" alt=\"GEB-LOGO\" itemprop=\"image\" height=\"2241\" width=\"2016\" title=\"GEB-LOGO\" onerror=\"this.style.display='none'\"  \/>\n\t\t\t\t<\/a>\n<h4><a href=\"https:\/\/greenearthbag.ca\/\" target=\"_blank\" rel=\"noopener\">Concepteur et fabricant leader de marques priv\u00e9es de sacs \u00e0 provisions r\u00e9utilisables<\/a><\/h4><p>As a premier private label designer and manufacturer specializing in reusable shopping bags, we at Green Earth Bag proudly collaborate with major North American retailers to offer eco-friendly solutions to their customers.\u00a0 With over 30 years of experience, we provide customized and personalized products to our customers; this in turn allows them to enhance brand flexibility and develop customer loyalty. With more than 10 million bags produced annually, we possess the skills and the knowledge to fulfill all of our customers&#8217; needs. By opting for reusable shopping bags, consumers contribute to reducing single-use plastic waste and promoting a more sustainable lifestyle.<\/p>\n\t\t\t\t<a href=\"https:\/\/greenearthbag.ca\/\" target=\"_blank\" rel=\"noopener\" itemprop=\"url\">\n\t\t\t\t<img loading=\"lazy\" decoding=\"async\" src=\"https:\/\/fiberlinks.com\/wp-content\/uploads\/2024\/03\/shutterstock_1494110720-scaled.jpg\" alt=\"Girl,Is,Holding,Mesh,Shopping,Bag,And,Cotton,Shopper,With\" itemprop=\"image\" height=\"1709\" width=\"2560\" title=\"Girl,Is,Holding,Mesh,Shopping,Bag,And,Cotton,Shopper,With\" onerror=\"this.style.display='none'\"  \/>\n\t\t\t\t<\/a>\n\t\t\t\t<a href=\"https:\/\/fruits-passion.com\/en_ca\/\" target=\"_blank\" rel=\"noopener\" itemprop=\"url\">\n\t\t\t\t<img loading=\"lazy\" decoding=\"async\" src=\"https:\/\/fiberlinks.com\/wp-content\/uploads\/2024\/07\/standard_resolution.jpg\" alt=\"standard_resolution\" itemprop=\"image\" height=\"1080\" width=\"1080\" title=\"standard_resolution\" onerror=\"this.style.display='none'\"  \/>\n\t\t\t\t<\/a>\n\t\t\t\t<a href=\"https:\/\/fruits-passion.com\/en_ca\/\" target=\"_blank\" rel=\"noopener\" itemprop=\"url\">\n\t\t\t\t<img loading=\"lazy\" decoding=\"async\" src=\"https:\/\/fiberlinks.com\/wp-content\/uploads\/2024\/07\/fruits-and-passion-removebg-preview.png\" alt=\"fruits-and-passion-removebg-preview\" itemprop=\"image\" height=\"100\" width=\"900\" title=\"fruits-and-passion-removebg-preview\" onerror=\"this.style.display='none'\"  \/>\n\t\t\t\t<\/a>\n<h4><a href=\"https:\/\/fruits-passion.com\/en_ca\/\" target=\"_blank\" rel=\"noopener\">R\u00e9invente l\u2019univers des produits de soins pour le corps et d\u2019ambiance pour la maison<\/a><\/h4><p>Since 1992, Fruits &amp; Passion, a company proudly founded in Quebec, is reinventing the world of body care and home care products by imagining captivating sensory adventures that draw their sources from the nature&#8217;s wealth.<\/p>\n<p>We participate in people&#8217;s everyday life by offering them little extras that makes all the difference: fragrant body care and home care products, enriched with natural ingredients, developed with respect for the environment and never tested on animals. Unique fragrances, innovative packaging, original and effective formulas: we invite you to experience and unparalleled sensory experience by immersing yourself in a universe inspired by nature.<\/p>\n\t\t\t\t<img loading=\"lazy\" decoding=\"async\" src=\"https:\/\/fiberlinks.com\/wp-content\/uploads\/2024\/02\/Priva.png\" alt=\"Priva\" itemprop=\"image\" height=\"209\" width=\"763\" title=\"Priva\" onerror=\"this.style.display='none'\"  \/>\n<h4>Un leader de l'industrie dans le d\u00e9veloppement, la fabrication, la distribution et l'importation de produits textiles de marque et de marque priv\u00e9e.<\/h4><p>Priva est sp\u00e9cialis\u00e9e dans une large gamme de produits textiles imperm\u00e9ables et absorbants, s'appuyant sur pr\u00e8s de 40 ans d'exp\u00e9rience pour r\u00e9pondre \u00e0 l'\u00e9volution des demandes du march\u00e9. Engag\u00e9s dans l\u2019innovation, nous d\u00e9veloppons des produits dot\u00e9s des derni\u00e8res technologies pour satisfaire \u00e0 la fois les clients finaux et les partenaires du march\u00e9. Nous excellons dans la fourniture de produits d'incontinence, de literie et bien plus encore aux march\u00e9s institutionnels et de d\u00e9tail. Priva se consacre \u00e0 fournir des produits de soins de sant\u00e9 \u00e0 domicile de grande valeur qui donnent \u00e0 nos clients confiance et tranquillit\u00e9 d'esprit.<\/p>\n\t\t\t\t<img loading=\"lazy\" decoding=\"async\" src=\"https:\/\/fiberlinks.com\/wp-content\/uploads\/2024\/03\/shutterstock_1539626045-scaled.jpg\" alt=\"Healthy,Sleep.,Happy,Family,Parents,And,Children,Sleeping,In,White\" itemprop=\"image\" height=\"1537\" width=\"2560\" title=\"Healthy,Sleep.,Happy,Family,Parents,And,Children,Sleeping,In,White\" onerror=\"this.style.display='none'\"  \/>\n\t\t\t\t<a href=\"https:\/\/www.ricardobh.com\" target=\"_blank\" rel=\"noopener\" itemprop=\"url\">\n\t\t\t\t<img loading=\"lazy\" decoding=\"async\" src=\"https:\/\/fiberlinks.com\/wp-content\/uploads\/2024\/03\/RR01IV-2.jpg\" alt=\"RR01IV (2)\" itemprop=\"image\" height=\"1500\" width=\"1345\" title=\"RR01IV (2)\" onerror=\"this.style.display='none'\"  \/>\n\t\t\t\t<\/a>\n\t\t\t\t<a href=\"https:\/\/www.ricardobh.com\" target=\"_blank\" rel=\"noopener\" itemprop=\"url\">\n\t\t\t\t<img loading=\"lazy\" decoding=\"async\" src=\"https:\/\/fiberlinks.com\/wp-content\/uploads\/2024\/02\/RBH-LogoBLK.png\" alt=\"RBH LogoBLK\" itemprop=\"image\" height=\"703\" width=\"1366\" title=\"RBH LogoBLK\" onerror=\"this.style.display='none'\"  \/>\n\t\t\t\t<\/a>\n<h4><a href=\"https:\/\/www.ricardobh.com\" target=\"_blank\" rel=\"noopener\">Le plus grand concepteur et distributeur canadien de v\u00eatements d'ext\u00e9rieur et d'accessoires de conception classique en peau de mouton authentique<\/a><\/h4><p>Ricardo BH is Canada&#8217;s leading designer and distributor of genuine sheepskin products, renowned for its timeless elegance and unmatched quality. Spending over 15 years perfecting our clothing line, the company sets the standard for luxury in the fashion industry. Each and every product starts with an idea in our showroom, which is then sketched out and refined by our designers. This design process doesn&#8217;t stop until we&#8217;re confident that we&#8217;re adding quality, and function to our collection and to your winter wardrobe.<\/p>\n\t<footer>\n<ul>\n  <li><a href=\"https:\/\/fiberlinks.com\/fr\/\">PAGE D'ACCUEIL<\/a><\/li>\n  <li><a href=\"https:\/\/fiberlinks.com\/fr\/about\/\">\u00c0 PROPOS<\/a><\/li>\n  <li><a href=\"https:\/\/fiberlinks.com\/fr\/contact\/\">CONTACT<\/a><\/li>\n<\/ul>\n<p>\u00a92024 Fiberlinks | Tous droits r\u00e9serv\u00e9s<\/p>\n<\/footer>","protected":false},"excerpt":{"rendered":"<p>About Contact WHO ARE WE? With over 30 years of combined experience at various levels of distribution and retail channels, we possess a keen insight into the ever-evolving demands of the global marketplace. We pride ourselves on our dedication to innovation, keeping up with current trends, providing premium quality products, and exceeding customer expectations. As [&hellip;]<\/p>\n","protected":false},"author":2,"featured_media":0,"parent":0,"menu_order":0,"comment_status":"closed","ping_status":"closed","template":"","meta":{"site-sidebar-layout":"default","site-content-layout":"page-builder","ast-site-content-layout":"full-width-container","site-content-style":"unboxed","site-sidebar-style":"unboxed","ast-global-header-display":"disabled","ast-banner-title-visibility":"","ast-main-header-display":"","ast-hfb-above-header-display":"","ast-hfb-below-header-display":"","ast-hfb-mobile-header-display":"","site-post-title":"disabled","ast-breadcrumbs-content":"","ast-featured-img":"","footer-sml-layout":"disabled","ast-disable-related-posts":"","theme-transparent-header-meta":"","adv-header-id-meta":"","stick-header-meta":"","header-above-stick-meta":"","header-main-stick-meta":"","header-below-stick-meta":"","astra-migrate-meta-layouts":"set","ast-page-background-enabled":"default","ast-page-background-meta":{"desktop":{"background-color":"","background-image":"","background-repeat":"repeat","background-position":"center center","background-size":"auto","background-attachment":"scroll","background-type":"","background-media":"","overlay-type":"","overlay-color":"","overlay-opacity":"","overlay-gradient":""},"tablet":{"background-color":"","background-image":"","background-repeat":"repeat","background-position":"center center","background-size":"auto","background-attachment":"scroll","background-type":"","background-media":"","overlay-type":"","overlay-color":"","overlay-opacity":"","overlay-gradient":""},"mobile":{"background-color":"","background-image":"","background-repeat":"repeat","background-position":"center center","background-size":"auto","background-attachment":"scroll","background-type":"","background-media":"","overlay-type":"","overlay-color":"","overlay-opacity":"","overlay-gradient":""}},"ast-content-background-meta":{"desktop":{"background-color":"var(--ast-global-color-5)","background-image":"","background-repeat":"repeat","background-position":"center center","background-size":"auto","background-attachment":"scroll","background-type":"","background-media":"","overlay-type":"","overlay-color":"","overlay-opacity":"","overlay-gradient":""},"tablet":{"background-color":"var(--ast-global-color-5)","background-image":"","background-repeat":"repeat","background-position":"center center","background-size":"auto","background-attachment":"scroll","background-type":"","background-media":"","overlay-type":"","overlay-color":"","overlay-opacity":"","overlay-gradient":""},"mobile":{"background-color":"var(--ast-global-color-5)","background-image":"","background-repeat":"repeat","background-position":"center center","background-size":"auto","background-attachment":"scroll","background-type":"","background-media":"","overlay-type":"","overlay-color":"","overlay-opacity":"","overlay-gradient":""}},"footnotes":""},"class_list":["post-1127","page","type-page","status-publish","hentry"],"jetpack_sharing_enabled":true,"_links":{"self":[{"href":"https:\/\/fiberlinks.com\/fr\/wp-json\/wp\/v2\/pages\/1127","targetHints":{"allow":["GET"]}}],"collection":[{"href":"https:\/\/fiberlinks.com\/fr\/wp-json\/wp\/v2\/pages"}],"about":[{"href":"https:\/\/fiberlinks.com\/fr\/wp-json\/wp\/v2\/types\/page"}],"author":[{"embeddable":true,"href":"https:\/\/fiberlinks.com\/fr\/wp-json\/wp\/v2\/users\/2"}],"replies":[{"embeddable":true,"href":"https:\/\/fiberlinks.com\/fr\/wp-json\/wp\/v2\/comments?post=1127"}],"version-history":[{"count":24,"href":"https:\/\/fiberlinks.com\/fr\/wp-json\/wp\/v2\/pages\/1127\/revisions"}],"predecessor-version":[{"id":1258,"href":"https:\/\/fiberlinks.com\/fr\/wp-json\/wp\/v2\/pages\/1127\/revisions\/1258"}],"wp:attachment":[{"href":"https:\/\/fiberlinks.com\/fr\/wp-json\/wp\/v2\/media?parent=1127"}],"curies":[{"name":"wp","href":"https:\/\/api.w.org\/{rel}","templated":true}]}}